{"id":166,"date":"2023-02-11T17:59:37","date_gmt":"2023-02-11T17:59:37","guid":{"rendered":"https:\/\/xn--pequeosexploradores-z3b.es\/?page_id=166"},"modified":"2023-02-11T17:59:38","modified_gmt":"2023-02-11T17:59:38","slug":"bolsos-y-monederos","status":"publish","type":"page","link":"https:\/\/xn--pequeosexploradores-z3b.es\/index.php\/bolsos-y-monederos\/","title":{"rendered":"Bolsos y Monederos"},"content":{"rendered":"\n<figure class=\"wp-block-image size-full\"><img loading=\"lazy\" decoding=\"async\" width=\"545\" height=\"600\" src=\"http:\/\/xn--pequeosexploradores-z3b.es\/wp-content\/uploads\/2023\/02\/Imagen44-web.jpeg\" alt=\"\" class=\"wp-image-26\" srcset=\"https:\/\/xn--pequeosexploradores-z3b.es\/wp-content\/uploads\/2023\/02\/Imagen44-web.jpeg 545w, https:\/\/xn--pequeosexploradores-z3b.es\/wp-content\/uploads\/2023\/02\/Imagen44-web-273x300.jpeg 273w\" sizes=\"auto, (max-width: 545px) 100vw, 545px\" \/><\/figure>\n\n\n\n<p>La comodidad de un bolso o de un monedero, hace de estos un complemento fundamental. Y claro, los hay de todas las clases, tama\u00f1os y colores&#8230;<\/p>\n\n\n\n<p>Desde los \u2018todoterrenos\u2019, capaces de dar cabida a todas esas cosas que necesitamos llevar a cualquier sitio, hasta los minimalistas, dise\u00f1ados para cada ocasi\u00f3n o evento:<\/p>\n\n\n\n<figure class=\"wp-block-gallery has-nested-images columns-default is-cropped wp-block-gallery-1 is-layout-flex wp-block-gallery-is-layout-flex\">\n<figure class=\"wp-block-image size-large\"><img loading=\"lazy\" decoding=\"async\" width=\"374\" height=\"310\" data-id=\"167\" src=\"https:\/\/xn--pequeosexploradores-z3b.es\/wp-content\/uploads\/2023\/02\/Imagen46-web.jpeg\" alt=\"\" class=\"wp-image-167\" srcset=\"https:\/\/xn--pequeosexploradores-z3b.es\/wp-content\/uploads\/2023\/02\/Imagen46-web.jpeg 374w, https:\/\/xn--pequeosexploradores-z3b.es\/wp-content\/uploads\/2023\/02\/Imagen46-web-300x249.jpeg 300w\" sizes=\"auto, (max-width: 374px) 100vw, 374px\" \/><\/figure>\n\n\n\n<figure class=\"wp-block-image size-large\"><img loading=\"lazy\" decoding=\"async\" width=\"685\" height=\"500\" data-id=\"168\" src=\"https:\/\/xn--pequeosexploradores-z3b.es\/wp-content\/uploads\/2023\/02\/Imagen49-web.jpeg\" alt=\"\" class=\"wp-image-168\" srcset=\"https:\/\/xn--pequeosexploradores-z3b.es\/wp-content\/uploads\/2023\/02\/Imagen49-web.jpeg 685w, https:\/\/xn--pequeosexploradores-z3b.es\/wp-content\/uploads\/2023\/02\/Imagen49-web-300x219.jpeg 300w\" sizes=\"auto, (max-width: 685px) 100vw, 685px\" \/><\/figure>\n<\/figure>\n\n\n\n<p>La imaginaci\u00f3n creadora se puede dejar llevar por la diversidad de formas, colores, texturas\u2026<\/p>\n\n\n\n<div class=\"wp-block-media-text alignwide is-stacked-on-mobile\" style=\"grid-template-columns:20% auto\"><figure class=\"wp-block-media-text__media\"><img loading=\"lazy\" decoding=\"async\" width=\"375\" height=\"500\" src=\"https:\/\/xn--pequeosexploradores-z3b.es\/wp-content\/uploads\/2023\/02\/Imagen41-web.jpeg\" alt=\"\" class=\"wp-image-169 size-full\" srcset=\"https:\/\/xn--pequeosexploradores-z3b.es\/wp-content\/uploads\/2023\/02\/Imagen41-web.jpeg 375w, https:\/\/xn--pequeosexploradores-z3b.es\/wp-content\/uploads\/2023\/02\/Imagen41-web-225x300.jpeg 225w\" sizes=\"auto, (max-width: 375px) 100vw, 375px\" \/><\/figure><div class=\"wp-block-media-text__content\">\n<p>Bolsos mochilas, de mayor o menor volumen.<\/p>\n<\/div><\/div>\n\n\n\n<div class=\"wp-block-media-text alignwide has-media-on-the-right is-stacked-on-mobile\" style=\"grid-template-columns:auto 18%\"><div class=\"wp-block-media-text__content\">\n<p>Bolsos-Mascotas, con un buen par de orejas si es necesario&#8230;<\/p>\n<\/div><figure class=\"wp-block-media-text__media\"><img loading=\"lazy\" decoding=\"async\" width=\"281\" height=\"500\" src=\"https:\/\/xn--pequeosexploradores-z3b.es\/wp-content\/uploads\/2023\/02\/Imagen45-web.jpeg\" alt=\"\" class=\"wp-image-170 size-full\" srcset=\"https:\/\/xn--pequeosexploradores-z3b.es\/wp-content\/uploads\/2023\/02\/Imagen45-web.jpeg 281w, https:\/\/xn--pequeosexploradores-z3b.es\/wp-content\/uploads\/2023\/02\/Imagen45-web-169x300.jpeg 169w\" sizes=\"auto, (max-width: 281px) 100vw, 281px\" \/><\/figure><\/div>\n\n\n\n<figure class=\"wp-block-gallery has-nested-images columns-default is-cropped wp-block-gallery-2 is-layout-flex wp-block-gallery-is-layout-flex\">\n<figure class=\"wp-block-image size-large\"><img loading=\"lazy\" decoding=\"async\" width=\"375\" height=\"500\" data-id=\"171\" src=\"https:\/\/xn--pequeosexploradores-z3b.es\/wp-content\/uploads\/2023\/02\/Imagen40b-web.jpeg\" alt=\"\" class=\"wp-image-171\" srcset=\"https:\/\/xn--pequeosexploradores-z3b.es\/wp-content\/uploads\/2023\/02\/Imagen40b-web.jpeg 375w, https:\/\/xn--pequeosexploradores-z3b.es\/wp-content\/uploads\/2023\/02\/Imagen40b-web-225x300.jpeg 225w\" sizes=\"auto, (max-width: 375px) 100vw, 375px\" \/><\/figure>\n\n\n\n<figure class=\"wp-block-image size-large\"><img loading=\"lazy\" decoding=\"async\" width=\"500\" height=\"500\" data-id=\"172\" src=\"https:\/\/xn--pequeosexploradores-z3b.es\/wp-content\/uploads\/2023\/02\/Imagen40c-web.jpeg\" alt=\"\" class=\"wp-image-172\" srcset=\"https:\/\/xn--pequeosexploradores-z3b.es\/wp-content\/uploads\/2023\/02\/Imagen40c-web.jpeg 500w, https:\/\/xn--pequeosexploradores-z3b.es\/wp-content\/uploads\/2023\/02\/Imagen40c-web-300x300.jpeg 300w, https:\/\/xn--pequeosexploradores-z3b.es\/wp-content\/uploads\/2023\/02\/Imagen40c-web-150x150.jpeg 150w\" sizes=\"auto, (max-width: 500px) 100vw, 500px\" \/><\/figure>\n\n\n\n<figure class=\"wp-block-image size-large\"><img loading=\"lazy\" decoding=\"async\" width=\"371\" height=\"500\" data-id=\"173\" src=\"https:\/\/xn--pequeosexploradores-z3b.es\/wp-content\/uploads\/2023\/02\/Imagen40-web.jpeg\" alt=\"\" class=\"wp-image-173\" srcset=\"https:\/\/xn--pequeosexploradores-z3b.es\/wp-content\/uploads\/2023\/02\/Imagen40-web.jpeg 371w, https:\/\/xn--pequeosexploradores-z3b.es\/wp-content\/uploads\/2023\/02\/Imagen40-web-223x300.jpeg 223w\" sizes=\"auto, (max-width: 371px) 100vw, 371px\" \/><\/figure>\n<\/figure>\n\n\n\n<p>Bolsitos peque\u00f1os para lo m\u00e1s preciso, para cuando no se quiere ir con demasiado peso\u2026<\/p>\n\n\n\n<div class=\"wp-block-media-text alignwide is-stacked-on-mobile\" style=\"grid-template-columns:21% auto\"><figure class=\"wp-block-media-text__media\"><img loading=\"lazy\" decoding=\"async\" width=\"249\" height=\"500\" src=\"https:\/\/xn--pequeosexploradores-z3b.es\/wp-content\/uploads\/2023\/02\/Imagen47-web.jpeg\" alt=\"\" class=\"wp-image-175 size-full\" srcset=\"https:\/\/xn--pequeosexploradores-z3b.es\/wp-content\/uploads\/2023\/02\/Imagen47-web.jpeg 249w, https:\/\/xn--pequeosexploradores-z3b.es\/wp-content\/uploads\/2023\/02\/Imagen47-web-149x300.jpeg 149w\" sizes=\"auto, (max-width: 249px) 100vw, 249px\" \/><\/figure><div class=\"wp-block-media-text__content\">\n<p>Bolsos, que pueden llegar a ser muy elegantes, y con un dise\u00f1o muy personalizado, ya que todo reto es posible llevarlo a la pr\u00e1ctica\u2026<\/p>\n<\/div><\/div>\n\n\n\n<div class=\"wp-block-media-text alignwide has-media-on-the-right is-stacked-on-mobile\" style=\"grid-template-columns:auto 18%\"><div class=\"wp-block-media-text__content\">\n<p>Todas las bolsas y bolsos son redecorables, complementando sus formas con nuevos dise\u00f1os abiertos a las ideas m\u00e1s imaginativas\u2026<\/p>\n<\/div><figure class=\"wp-block-media-text__media\"><img loading=\"lazy\" decoding=\"async\" width=\"387\" height=\"500\" src=\"https:\/\/xn--pequeosexploradores-z3b.es\/wp-content\/uploads\/2023\/02\/Imagen50-web.jpeg\" alt=\"\" class=\"wp-image-176 size-full\" srcset=\"https:\/\/xn--pequeosexploradores-z3b.es\/wp-content\/uploads\/2023\/02\/Imagen50-web.jpeg 387w, https:\/\/xn--pequeosexploradores-z3b.es\/wp-content\/uploads\/2023\/02\/Imagen50-web-232x300.jpeg 232w\" sizes=\"auto, (max-width: 387px) 100vw, 387px\" \/><\/figure><\/div>\n\n\n\n<div style=\"height:63px\" aria-hidden=\"true\" class=\"wp-block-spacer\"><\/div>\n\n\n\n<figure class=\"wp-block-image size-full\"><img loading=\"lazy\" decoding=\"async\" width=\"800\" height=\"391\" src=\"https:\/\/xn--pequeosexploradores-z3b.es\/wp-content\/uploads\/2023\/02\/Imagen43-web-1.jpeg\" alt=\"\" class=\"wp-image-177\" srcset=\"https:\/\/xn--pequeosexploradores-z3b.es\/wp-content\/uploads\/2023\/02\/Imagen43-web-1.jpeg 800w, https:\/\/xn--pequeosexploradores-z3b.es\/wp-content\/uploads\/2023\/02\/Imagen43-web-1-300x147.jpeg 300w, https:\/\/xn--pequeosexploradores-z3b.es\/wp-content\/uploads\/2023\/02\/Imagen43-web-1-768x375.jpeg 768w\" sizes=\"auto, (max-width: 800px) 100vw, 800px\" \/><\/figure>\n\n\n\n<p>\u00bfY si pasamos a los monederos?<\/p>\n\n\n\n<p>Un monedero puede recordarte a tu mejor mascota&#8230;<\/p>\n\n\n\n<figure class=\"wp-block-gallery has-nested-images columns-default is-cropped wp-block-gallery-3 is-layout-flex wp-block-gallery-is-layout-flex\">\n<figure class=\"wp-block-image size-large\"><img loading=\"lazy\" decoding=\"async\" width=\"375\" height=\"500\" data-id=\"179\" src=\"https:\/\/xn--pequeosexploradores-z3b.es\/wp-content\/uploads\/2023\/02\/Imagen60-web.jpeg\" alt=\"\" class=\"wp-image-179\" srcset=\"https:\/\/xn--pequeosexploradores-z3b.es\/wp-content\/uploads\/2023\/02\/Imagen60-web.jpeg 375w, https:\/\/xn--pequeosexploradores-z3b.es\/wp-content\/uploads\/2023\/02\/Imagen60-web-225x300.jpeg 225w\" sizes=\"auto, (max-width: 375px) 100vw, 375px\" \/><\/figure>\n\n\n\n<figure class=\"wp-block-image size-large\"><img loading=\"lazy\" decoding=\"async\" width=\"372\" height=\"500\" data-id=\"180\" src=\"https:\/\/xn--pequeosexploradores-z3b.es\/wp-content\/uploads\/2023\/02\/Imagen61-web.jpeg\" alt=\"\" class=\"wp-image-180\" srcset=\"https:\/\/xn--pequeosexploradores-z3b.es\/wp-content\/uploads\/2023\/02\/Imagen61-web.jpeg 372w, https:\/\/xn--pequeosexploradores-z3b.es\/wp-content\/uploads\/2023\/02\/Imagen61-web-223x300.jpeg 223w\" sizes=\"auto, (max-width: 372px) 100vw, 372px\" \/><\/figure>\n\n\n\n<figure class=\"wp-block-image size-large\"><img loading=\"lazy\" decoding=\"async\" width=\"372\" height=\"500\" data-id=\"181\" src=\"https:\/\/xn--pequeosexploradores-z3b.es\/wp-content\/uploads\/2023\/02\/Imagen70-web-1.jpeg\" alt=\"\" class=\"wp-image-181\" srcset=\"https:\/\/xn--pequeosexploradores-z3b.es\/wp-content\/uploads\/2023\/02\/Imagen70-web-1.jpeg 372w, https:\/\/xn--pequeosexploradores-z3b.es\/wp-content\/uploads\/2023\/02\/Imagen70-web-1-223x300.jpeg 223w\" sizes=\"auto, (max-width: 372px) 100vw, 372px\" \/><\/figure>\n<\/figure>\n\n\n\n<p>o bien puede tener un dise\u00f1o m\u00e1s cl\u00e1sico, pero siempre con encanto.<\/p>\n\n\n\n<figure class=\"wp-block-image size-full\"><img loading=\"lazy\" decoding=\"async\" width=\"814\" height=\"500\" src=\"https:\/\/xn--pequeosexploradores-z3b.es\/wp-content\/uploads\/2023\/02\/Imagen42-web.jpeg\" alt=\"\" class=\"wp-image-182\" srcset=\"https:\/\/xn--pequeosexploradores-z3b.es\/wp-content\/uploads\/2023\/02\/Imagen42-web.jpeg 814w, https:\/\/xn--pequeosexploradores-z3b.es\/wp-content\/uploads\/2023\/02\/Imagen42-web-300x184.jpeg 300w, https:\/\/xn--pequeosexploradores-z3b.es\/wp-content\/uploads\/2023\/02\/Imagen42-web-768x472.jpeg 768w\" sizes=\"auto, (max-width: 814px) 100vw, 814px\" \/><\/figure>\n\n\n\n<p>D\u00e9janos tus comentarios o contacta. Estaremos encantados de escuchar tus ideas.<\/p>\n\n\n\n<p>info@peque\u00f1osexploradores.es<\/p>\n\n\n\n<div class=\"wp-block-buttons is-layout-flex wp-block-buttons-is-layout-flex\">\n<div class=\"wp-block-button is-style-outline is-style-outline--4\"><a class=\"wp-block-button__link has-text-color has-background wp-element-button\" href=\"http:\/\/www.peque\u00f1osexploradores.es\" style=\"border-radius:50px;color:#411761;background-color:#dcb4ed\">Volver a Inicio<\/a><\/div>\n<\/div>\n","protected":false},"excerpt":{"rendered":"<p>La comodidad de un bolso o de un monedero, hace de estos un complemento fundamental. Y claro, los hay de todas las clases, tama\u00f1os y colores&#8230; Desde los \u2018todoterrenos\u2019, capaces de dar cabida a todas esas cosas que necesitamos llevar a cualquier sitio, hasta los minimalistas, dise\u00f1ados para cada ocasi\u00f3n o evento: La imaginaci\u00f3n creadora&hellip; <a class=\"more-link\" href=\"https:\/\/xn--pequeosexploradores-z3b.es\/index.php\/bolsos-y-monederos\/\">Seguir leyendo <span class=\"screen-reader-text\">Bolsos y Monederos<\/span><\/a><\/p>\n","protected":false},"author":1,"featured_media":0,"parent":0,"menu_order":0,"comment_status":"closed","ping_status":"closed","template":"","meta":{"footnotes":""},"class_list":["post-166","page","type-page","status-publish","hentry","entry"],"_links":{"self":[{"href":"https:\/\/xn--pequeosexploradores-z3b.es\/index.php\/wp-json\/wp\/v2\/pages\/166","targetHints":{"allow":["GET"]}}],"collection":[{"href":"https:\/\/xn--pequeosexploradores-z3b.es\/index.php\/wp-json\/wp\/v2\/pages"}],"about":[{"href":"https:\/\/xn--pequeosexploradores-z3b.es\/index.php\/wp-json\/wp\/v2\/types\/page"}],"author":[{"embeddable":true,"href":"https:\/\/xn--pequeosexploradores-z3b.es\/index.php\/wp-json\/wp\/v2\/users\/1"}],"replies":[{"embeddable":true,"href":"https:\/\/xn--pequeosexploradores-z3b.es\/index.php\/wp-json\/wp\/v2\/comments?post=166"}],"version-history":[{"count":4,"href":"https:\/\/xn--pequeosexploradores-z3b.es\/index.php\/wp-json\/wp\/v2\/pages\/166\/revisions"}],"predecessor-version":[{"id":185,"href":"https:\/\/xn--pequeosexploradores-z3b.es\/index.php\/wp-json\/wp\/v2\/pages\/166\/revisions\/185"}],"wp:attachment":[{"href":"https:\/\/xn--pequeosexploradores-z3b.es\/index.php\/wp-json\/wp\/v2\/media?parent=166"}],"curies":[{"name":"wp","href":"https:\/\/api.w.org\/{rel}","templated":true}]}}